{"id":12824,"date":"2025-04-10T09:09:54","date_gmt":"2025-04-10T13:09:54","guid":{"rendered":"https:\/\/hpaspart.com\/betatest\/?page_id=12824"},"modified":"2025-04-10T09:16:46","modified_gmt":"2025-04-10T13:16:46","slug":"frequently-asked-questions-for-families-parentsquare","status":"publish","type":"page","link":"https:\/\/hpaspart.com\/betatest\/technology\/frequently-asked-questions-for-families-parentsquare\/","title":{"rendered":"Frequently Asked Questions for Families &#8211; ParentSquare"},"content":{"rendered":"\t\t<div data-elementor-type=\"wp-page\" data-elementor-id=\"12824\" class=\"elementor elementor-12824\" data-elementor-post-type=\"page\">\n\t\t\t\t<div class=\"elementor-element elementor-element-dc7a861 e-flex e-con-boxed rt-default-class e-con e-parent\" data-id=\"dc7a861\" data-element_type=\"container\" data-e-type=\"container\">\n\t\t\t\t\t<div class=\"e-con-inner\">\n\t\t<div class=\"elementor-element elementor-element-c1c5f0e e-con-full e-flex rt-default-class e-con e-child\" data-id=\"c1c5f0e\" data-element_type=\"container\" data-e-type=\"container\">\n\t\t\t\t<div class=\"elementor-element elementor-element-95445d7 rt-default-class elementor-widget elementor-widget-image\" data-id=\"95445d7\" data-element_type=\"widget\" data-e-type=\"widget\" data-widget_type=\"image.default\">\n\t\t\t\t<div class=\"elementor-widget-container\">\n\t\t\t\t\t\t\t\t\t\t\t\t\t\t\t<img fetchpriority=\"high\" decoding=\"async\" width=\"640\" height=\"127\" src=\"https:\/\/hpaspart.com\/betatest\/wp-content\/uploads\/2024\/08\/Parentsquare_logo_resized.png\" class=\"attachment-large size-large wp-image-12727\" alt=\"\" srcset=\"https:\/\/hpaspart.com\/betatest\/wp-content\/uploads\/2024\/08\/Parentsquare_logo_resized.png 800w, https:\/\/hpaspart.com\/betatest\/wp-content\/uploads\/2024\/08\/Parentsquare_logo_resized-300x60.png 300w, https:\/\/hpaspart.com\/betatest\/wp-content\/uploads\/2024\/08\/Parentsquare_logo_resized-768x153.png 768w\" sizes=\"(max-width: 640px) 100vw, 640px\" \/>\t\t\t\t\t\t\t\t\t\t\t\t\t\t\t<\/div>\n\t\t\t\t<\/div>\n\t\t\t\t<div class=\"elementor-element elementor-element-600f643 rt-default-class elementor-widget elementor-widget-text-editor\" data-id=\"600f643\" data-element_type=\"widget\" data-e-type=\"widget\" data-widget_type=\"text-editor.default\">\n\t\t\t\t<div class=\"elementor-widget-container\">\n\t\t\t\t\t\t\t\t\t<h6><strong>My email is correct in ParentSquare. Why am I not receiving emails?<\/strong><\/h6><p>Please check your spam to see if any ParentSquare messages ended up there, and mark them as &#8220;Not Spam.&#8221; Also add donotreply@parentsquare.com to your email contacts so your server recognizes our messages. If you still are not receiving emails, please contact us at support@parentsquare.com so we can assist you.<\/p><h6><strong>How can I add another child to my account? How can I add another school to my account?<\/strong><\/h6><p>If you wish to add another child to your account, you will have to ensure your school&#8217;s information system has registered your contact information and you are associated with your child. ParentSquare will always reflect the most current information we have received from the school&#8217;s information system.<\/p><h6><strong>How do I change my password?<\/strong><\/h6><p>Please go to parentsquare.com and on the login page click &#8220;Forgot Password.&#8221; Put in your email or phone number and you will be sent a link to reset your password.<\/p><h6><strong>English is not my first language. How can I receive content in my native language?<\/strong><\/h6><p>You can customize your language settings by going to &#8220;My Account&#8221; and clicking &#8220;Change This&#8221; under language settings. From here, you can choose any language you prefer from the drop down menu and you will start to receive content in that language. Here is a help article on how to change your language settings.<\/p><h6><strong>Is it possible to contact my child&#8217;s teacher directly and privately?<\/strong><\/h6><p>Contact your child&#8217;s teacher privately by using our direct messaging tool. On the home page, click on &#8220;Messaging&#8221; in the left sidebar. From here, you can send a direct message to your child&#8217;s teacher that only you and the teacher can see. You can also send messages to other staff members at the school, such as your child&#8217;s coaches and club leaders. Here is a link to our help page on direct messaging.<\/p><h6><strong>How can I edit my sign up?<\/strong><\/h6><p>In order to change your sign up, you must delete your existing sign up and sign up again for the correct slot. To delete your sign up, hover your mouse over your name and you will see a trash can appear to the right of your name. Click on the trash can and your sign up will be removed. Then, you can click on the &#8220;Sign Up&#8221; button that corresponds with the correct slot.<\/p><h6><strong>I&#8217;ve received an invalid registration link, what should I do?<\/strong><\/h6><p>If your registration link expired, you will need a new one. Please contact your school&#8217;s admin or send us an email to support@parentsquare.com and ask for a new link to be sent to you.<\/p>\t\t\t\t\t\t\t\t<\/div>\n\t\t\t\t<\/div>\n\t\t\t\t<div class=\"elementor-element elementor-element-e746795 elementor-widget-divider--view-line rt-default-class elementor-widget elementor-widget-divider\" data-id=\"e746795\" data-element_type=\"widget\" data-e-type=\"widget\" data-widget_type=\"divider.default\">\n\t\t\t\t<div class=\"elementor-widget-container\">\n\t\t\t\t\t\t\t<div class=\"elementor-divider\">\n\t\t\t<span class=\"elementor-divider-separator\">\n\t\t\t\t\t\t<\/span>\n\t\t<\/div>\n\t\t\t\t\t\t<\/div>\n\t\t\t\t<\/div>\n\t\t\t\t<div class=\"elementor-element elementor-element-326c545 rt-default-class elementor-widget elementor-widget-text-editor\" data-id=\"326c545\" data-element_type=\"widget\" data-e-type=\"widget\" data-widget_type=\"text-editor.default\">\n\t\t\t\t<div class=\"elementor-widget-container\">\n\t\t\t\t\t\t\t\t\t<h4><span style=\"text-decoration: underline;\"><strong>Preguntas Frecuentes Para Familias<\/strong><\/span><\/h4><h6><strong>Mi correo electr\u00f3nico es correcto en ParentSquare. \u00bfPor qu\u00e9 no recibo correos electr\u00f3nicos?<\/strong><\/h6><p>Verifique su carpeta de spam para ver si alg\u00fan mensaje de ParentSquare termin\u00f3 all\u00ed y m\u00e1rquelo como &#8220;No es spam.&#8221; Agregue tambi\u00e9n donotreply@parentsquare.com a sus contactos de correo electr\u00f3nico para que su servidor reconozca nuestros mensajes. Si a\u00fan no recibe correos electr\u00f3nicos, cont\u00e1ctenos en support@parentsquare.com para que podamos ayudarlo.<\/p><h6><strong>\u00bfC\u00f3mo puedo agregar otro ni\u00f1o a mi cuenta? \u00bfC\u00f3mo puedo agregar otra escuela a mi cuenta?<\/strong><\/h6><p>Si desea agregar a otro ni\u00f1o a su cuenta, deber\u00e1 asegurarse de que el sistema de informaci\u00f3n de su escuela haya registrado su informaci\u00f3n de contacto y que est\u00e9 asociado con su hijo. ParentSquare siempre reflejar\u00e1 la informaci\u00f3n m\u00e1s actualizada que hemos recibido del sistema de informaci\u00f3n de la escuela.<\/p><h6><strong>\u00bfComo puedo cambiar mi contrase\u00f1a?<\/strong><\/h6><p>Vaya a parentsquare.com y en la p\u00e1gina de inicio de sesi\u00f3n haga clic en &#8220;Olvid\u00e9 mi contrase\u00f1a.&#8221; Ingrese su correo electr\u00f3nico o n\u00famero de tel\u00e9fono y se le enviar\u00e1 un enlace para restablecer su contrase\u00f1a.<\/p><h6><strong>\u00bfPuedo cambiar el correo electr\u00f3nico y\/o el n\u00famero de tel\u00e9fono celular en mi cuenta?<\/strong><\/h6><p>Si desea cambiar su informaci\u00f3n de contacto, haga clic en su nombre en la esquina derecha superior y vaya a &#8220;Mi cuenta.&#8221; Desde la p\u00e1gina de su cuenta, haga clic en &#8220;Editar&#8221; y podr\u00e1 cambiar su informaci\u00f3n de contacto. Si recibe un mensaje de error cuando intenta editar su n\u00famero de tel\u00e9fono o correo electr\u00f3nico, comun\u00edquese con su escuela y p\u00eddales que hagan el cambio.<\/p><h6><strong>El ingl\u00e9s no es mi primer idioma. \u00bfC\u00f3mo puedo recibir contenido en mi idioma?<\/strong><\/h6><p>Puede personalizar su configuraci\u00f3n de idioma yendo a &#8220;Mi cuenta&#8221; y haciendo clic en &#8220;Cambiar esto&#8221; en la configuraci\u00f3n de idioma. Desde aqu\u00ed, puede elegir el idioma que prefiera del men\u00fa y comenzar\u00e1 a recibir contenido en ese idioma. Aqu\u00ed hay un art\u00edculo de ayuda sobre c\u00f3mo cambiar la configuraci\u00f3n de idioma.<\/p><h6><strong>Recibo demasiados mensajes de ParentSquare, \u00bfes posible recibir menos notificaciones?<\/strong><\/h6><p>Puede personalizar su configuraci\u00f3n de notificaciones yendo a su p\u00e1gina de inicio y haciendo clic en su nombre en la esquina derecha superior y seleccionando &#8220;Mi cuenta&#8221; en el men\u00fa. En la p\u00e1gina de su cuenta, puede encontrar su configuraci\u00f3n de notificaciones en la esquina derecha superior y hacer clic en &#8220;Cambiar esto&#8221; para personalizar sus notificaciones. Si recibe demasiadas notificaciones, intente cambiar su configuraci\u00f3n de Digest donde solo recibir\u00e1 un mensaje condensado por la noche. Aqu\u00ed hay un art\u00edculo de ayuda sobre c\u00f3mo cambiar la configuraci\u00f3n de notificaciones.<\/p><h6><strong>\u00bfEs posible contactar al maestro de mi hijo directamente y privadamente?<\/strong><\/h6><p>P\u00f3ngase en contacto con el maestro de su hijo en privado utilizando nuestra mensajer\u00eda directa. En la p\u00e1gina de inicio, haga clic en &#8220;Mensajes&#8221; en la barra lateral izquierda. Desde aqu\u00ed, puede enviar un mensaje directo al maestro de su hijo que solo usted y el maestro pueden ver. Tambi\u00e9n puede enviar mensajes a otros miembros del personal de la escuela, como los entrenadores y l\u00edderes de clubes de su hijo.<\/p><h6><strong>\u00bfC\u00f3mo puedo editar mi registro?<\/strong><\/h6><p>Para cambiar su registro, debe eliminar su registro existente y registrarse nuevamente en el lugar correcto. Para eliminar su registro, pase el mouse sobre su nombre y ver\u00e1 que puede aparecer un bote de basura a la derecha de su nombre. Haga clic en el bote de basura y su registro ser\u00e1 eliminado. Luego, puede hacer clic en el bot\u00f3n &#8220;Registrarse&#8221; que corresponde con el lugar correcto.<\/p><h6><strong>\u00bfPuedo cambiar mi SRC?<\/strong><\/h6><p>Si sus planes cambian y desea cambiar su SRC, haga clic en &#8220;Inscripciones y Confirmaciones de Asistencia&#8221; en la etiqueta de participaci\u00f3n en la barra izquierda. En esta p\u00e1gina, busque el evento que previamente envi\u00f3 un SRC y haga clic en el bot\u00f3n verde que dice &#8220;Cambiar mi SRC&#8221; en el lado derecho.<\/p><h6><strong>He recibido un enlace de registro no v\u00e1lido, \u00bfqu\u00e9 debo hacer?<\/strong><\/h6><p>Si su enlace de registro expir\u00f3, necesitar\u00e1 uno nuevo. P\u00f3ngase en contacto con el administrador de su escuela o env\u00edenos un correo electr\u00f3nico a support@parentsquare.com y solicite que se le env\u00ede un nuevo enlace.<\/p>\t\t\t\t\t\t\t\t<\/div>\n\t\t\t\t<\/div>\n\t\t\t\t<\/div>\n\t\t<div class=\"elementor-element elementor-element-69b5063 e-con-full e-flex rt-default-class e-con e-child\" data-id=\"69b5063\" data-element_type=\"container\" data-e-type=\"container\">\n\t\t\t\t<div class=\"elementor-element elementor-element-f955cbc rt-default-class elementor-widget elementor-widget-text-editor\" data-id=\"f955cbc\" data-element_type=\"widget\" data-e-type=\"widget\" data-widget_type=\"text-editor.default\">\n\t\t\t\t<div class=\"elementor-widget-container\">\n\t\t\t\t\t\t\t\t\t<div id=\"ucContentPage_ucRightWindow_ctl00_pnlContainer\" class=\"component_container component_container_files&amp;links col-xs-12 col-sm-12 col-md-12 col-lg-12\"><div id=\"ucContentPage_ucRightWindow_ctl00_pnlStyle\"><h3 id=\"ucContentPage_ucRightWindow_ctl00_header1_PublicTitle\" class=\"component_title\"><span style=\"color: #ba1313;\"><strong>Tech Resources<\/strong><\/span><\/h3><p><span style=\"color: #0000ff;\"><ul class=\"doc-links\" style=\"list-style: disc; margin-left: 20px;\"><li><a href='https:\/\/hpaspart.com\/betatest\/technology\/' style='color: blue;'><span class='inline-tooltip'>\ud83c\udf10<span>Internal Web Link<\/span><\/span> Technology Homepage<\/a><\/li><li><a href='https:\/\/docs.google.com\/forms\/d\/e\/1FAIpQLSdfiKDLYORkUg3M5X3CeojftSdBt4Zb3z1y7bKOdAYvrJTVxA\/viewform?usp=sf_link' target='_blank' rel='noopener' style='color: blue;'><span class='inline-tooltip'>\u2197\ufe0f<span>External Web Link<\/span><\/span> Mobile Hotspots by T-Mobile<\/a><\/li><li><a href='https:\/\/hpaspartanburg.glideapp.io\/' target='_blank' rel='noopener' style='color: blue;'><span class='inline-tooltip'>\u2197\ufe0f<span>External Web Link<\/span><\/span> PARENT TECH TOOL APP<\/a><\/li><\/ul><\/span><\/p><\/div><\/div>\t\t\t\t\t\t\t\t<\/div>\n\t\t\t\t<\/div>\n\t\t\t\t<div class=\"elementor-element elementor-element-8acf87a rt-default-class elementor-widget elementor-widget-text-editor\" data-id=\"8acf87a\" data-element_type=\"widget\" data-e-type=\"widget\" data-widget_type=\"text-editor.default\">\n\t\t\t\t<div class=\"elementor-widget-container\">\n\t\t\t\t\t\t\t\t\t<div id=\"ucContentPage_ucRightWindow_ctl00_pnlContainer\" class=\"component_container component_container_files&amp;links col-xs-12 col-sm-12 col-md-12 col-lg-12\"><div id=\"ucContentPage_ucRightWindow_ctl00_pnlStyle\"><h3 id=\"ucContentPage_ucRightWindow_ctl00_header1_PublicTitle\" class=\"component_title\"><span style=\"color: #ba1313;\"><strong>Parent Square Info<\/strong><\/span><\/h3><p><span style=\"color: #0000ff;\"><ul class=\"doc-links\" style=\"list-style: disc; margin-left: 20px;\"><li><a href='https:\/\/hpaspart.com\/betatest\/parentsquare-overview-parent-tips\/' style='color: blue;'><span class='inline-tooltip'>\ud83c\udf10<span>Internal Web Link<\/span><\/span> ParentSquare Overview &#038; Parent Tips<\/a><\/li><li><a href='https:\/\/hpaspart.com\/betatest\/download-the-parentsquare-app\/' style='color: blue;'><span class='inline-tooltip'>\ud83c\udf10<span>Internal Web Link<\/span><\/span> Download the ParentSquare App<\/a><\/li><li><a href='https:\/\/hpaspart.com\/betatest\/frequently-asked-questions-for-families-parentsquare\/' style='color: blue;'><span class='inline-tooltip'>\ud83c\udf10<span>Internal Web Link<\/span><\/span> FAQ&#8217;s for Families<\/a><\/li><li><a href='https:\/\/hpaspart.com\/betatest\/frequently-asked-questions-for-teachers-parentsquare\/' style='color: blue;'><span class='inline-tooltip'>\ud83c\udf10<span>Internal Web Link<\/span><\/span> FAQ&#8217;s for Teachers<\/a><\/li><li><a href='https:\/\/hpaspart.com\/betatest\/student-square-grades-7-through-12-only\/' style='color: blue;'><span class='inline-tooltip'>\ud83c\udf10<span>Internal Web Link<\/span><\/span> Student Square app<\/a><\/li><\/ul><\/span><\/p><\/div><\/div>\t\t\t\t\t\t\t\t<\/div>\n\t\t\t\t<\/div>\n\t\t\t\t<\/div>\n\t\t\t\t\t<\/div>\n\t\t\t\t<\/div>\n\t\t\t\t<\/div>\n\t\t","protected":false},"excerpt":{"rendered":"<p>My email is correct in ParentSquare. Why am I not receiving emails? Please check your spam to see if any ParentSquare messages ended up there, and mark them as &#8220;Not&#8230;<\/p>\n","protected":false},"author":2,"featured_media":0,"parent":12642,"menu_order":0,"comment_status":"closed","ping_status":"closed","template":"elementor_header_footer","meta":{"_price":"","_stock":"","_tribe_ticket_header":"","_tribe_default_ticket_provider":"","_tribe_ticket_capacity":"0","_ticket_start_date":"","_ticket_end_date":"","_tribe_ticket_show_description":"","_tribe_ticket_show_not_going":false,"_tribe_ticket_use_global_stock":"","_tribe_ticket_global_stock_level":"","_global_stock_mode":"","_global_stock_cap":"","_tribe_rsvp_for_event":"","_tribe_ticket_going_count":"","_tribe_ticket_not_going_count":"","_tribe_tickets_list":"[]","_tribe_ticket_has_attendee_info_fields":false,"footnotes":"","_tec_slr_enabled":"","_tec_slr_layout":""},"class_list":["post-12824","page","type-page","status-publish","hentry"],"ticketed":false,"_links":{"self":[{"href":"https:\/\/hpaspart.com\/betatest\/wp-json\/wp\/v2\/pages\/12824","targetHints":{"allow":["GET"]}}],"collection":[{"href":"https:\/\/hpaspart.com\/betatest\/wp-json\/wp\/v2\/pages"}],"about":[{"href":"https:\/\/hpaspart.com\/betatest\/wp-json\/wp\/v2\/types\/page"}],"author":[{"embeddable":true,"href":"https:\/\/hpaspart.com\/betatest\/wp-json\/wp\/v2\/users\/2"}],"replies":[{"embeddable":true,"href":"https:\/\/hpaspart.com\/betatest\/wp-json\/wp\/v2\/comments?post=12824"}],"version-history":[{"count":4,"href":"https:\/\/hpaspart.com\/betatest\/wp-json\/wp\/v2\/pages\/12824\/revisions"}],"predecessor-version":[{"id":12828,"href":"https:\/\/hpaspart.com\/betatest\/wp-json\/wp\/v2\/pages\/12824\/revisions\/12828"}],"up":[{"embeddable":true,"href":"https:\/\/hpaspart.com\/betatest\/wp-json\/wp\/v2\/pages\/12642"}],"wp:attachment":[{"href":"https:\/\/hpaspart.com\/betatest\/wp-json\/wp\/v2\/media?parent=12824"}],"curies":[{"name":"wp","href":"https:\/\/api.w.org\/{rel}","templated":true}]}}